{"id":114,"date":"2026-03-25T14:53:37","date_gmt":"2026-03-25T13:53:37","guid":{"rendered":"https:\/\/pink-dolphin.art\/?page_id=114"},"modified":"2026-03-25T15:44:26","modified_gmt":"2026-03-25T14:44:26","slug":"impro","status":"publish","type":"page","link":"https:\/\/pink-dolphin.art\/index.php\/impro\/","title":{"rendered":"qimpro"},"content":{"rendered":"\t\t<div data-elementor-type=\"wp-page\" data-elementor-id=\"114\" class=\"elementor elementor-114\">\n\t\t\t\t\t\t<section class=\"elementor-section elementor-top-section elementor-element elementor-element-793d330d elementor-section-height-full elementor-section-items-bottom elementor-section-boxed elementor-section-height-default\" data-id=\"793d330d\" data-element_type=\"section\" data-e-type=\"section\" data-settings=\"{&quot;background_background&quot;:&quot;video&quot;,&quot;background_video_link&quot;:&quot;https:\\\/\\\/youtu.be\\\/CblCOEdBXPE&quot;,&quot;background_video_start&quot;:180,&quot;background_play_on_mobile&quot;:&quot;yes&quot;}\">\n\t\t\t\t\t\t\t\t<div class=\"elementor-background-video-container\">\n\t\t\t\t\t\t\t\t\t\t\t\t\t<div class=\"elementor-background-video-embed\" role=\"presentation\"><\/div>\n\t\t\t\t\t\t\t\t\t\t\t\t<\/div>\n\t\t\t\t\t\t\t\t<div class=\"elementor-container elementor-column-gap-no\">\n\t\t\t\t\t<div class=\"elementor-column elementor-col-100 elementor-top-column elementor-element elementor-element-48d3616\" data-id=\"48d3616\" data-element_type=\"column\" data-e-type=\"column\">\n\t\t\t<div class=\"elementor-widget-wrap elementor-element-populated\">\n\t\t\t\t<div class=\"elementor-element elementor-element-5954157 e-flex e-con-boxed e-con e-parent\" data-id=\"5954157\" data-element_type=\"container\" data-e-type=\"container\">\n\t\t\t\t\t<div class=\"e-con-inner\">\n\t\t\t\t<div class=\"elementor-element elementor-element-cda8f95 elementor-widget elementor-widget-text-editor\" data-id=\"cda8f95\" data-element_type=\"widget\" data-e-type=\"widget\" data-widget_type=\"text-editor.default\">\n\t\t\t\t<div class=\"elementor-widget-container\">\n\t\t\t\t\t\t\t\t\t<p>FREEvolous QUEERimprovisations ist eine queere Praxis zum Schutz der psychischen und physischen Gesundheit. Eine monatliche Dosis schr\u00e4ger, improvisierter Tricks, basierend auf einem lockeren Spiel mit Kl\u00e4ngen, Texten, Bewegungsformen und den Konventionen der Performance.<\/p><p>Wir laden Kunstschaffende aller Disziplinen ein: Musik, Tanz jeglicher Stile, Bewegungskunst, Schauspiel, Pantomime, Gesang, Literatur, Rap, Sound-Poetry, DJing, VJing, Beatboxing &#8230; und alle anderen Personen, die Lust auf Live-Improvisation haben. Wir m\u00f6chten einen Begegnungsraum schaffen, in dem verschiedenste Bereiche und Stile aufeinandertreffen und sich gegenseitig beobachten k\u00f6nnen. Wir betrachten Vielfalt als Wert und zelebrieren sie inmitten von ausgelassenem Chaos!<\/p><p>19:00 Uhr <br \/>Mittwoch, einmal im Monat <br \/>Ort: Neuerburgstra\u00dfe 2, 51103 K\u00f6ln-Kalk<\/p><p>I impro performance <br \/>Dies ist der erste Teil des Treffens. Hier pr\u00e4sentieren wir ein Art-Impro-Set von maximal einer Stunde. Du kannst kommen und die Kunst der Improvisation beobachtend erleben.<\/p><p>Personen, die gerne auftreten m\u00f6chten, k\u00f6nnen sich per E-Mail unter dieser Adresse melden: kontakt@pink-dolphin.art <br \/>Bitte beschreibe in deiner Anmeldung kurz dich selbst, deine k\u00fcnstlerischen Schwerpunkte und den gew\u00fcnschten Termin f\u00fcr deinen Auftritt. Alle Details kl\u00e4ren wir dann per Mail. <br \/>Die Pr\u00e4sentation hat das Format einer Open Stage: Es fallen weder eine Geb\u00fchr noch eine Gage f\u00fcr den Auftritt an.<\/p><p>II open jam session <br \/>In diesem Teil werden wir gemeinsam aktiv, im Rahmen des Themas des jeweiligen Abends. Lass dich treiben \u2013 in deiner eigenen Interpretation des Themas oder der kurzen Themenbeschreibung. Jede anwesende Person kann sich fallen lassen und den Impulsen der Improvisation hingeben. Du kannst in einer beobachtenden Rolle bleiben oder jederzeit mit einsteigen. Du musst keine kunstschaffende Person sein, um mitzumachen. Sp\u00fcre den Impuls und lass dich mitrei\u00dfen.<\/p><p>W\u00e4hrend der Veranstaltung wird fotografiert. Nur Personen aus dem Organisationsteam d\u00fcrfen Fotos machen. Die Aufnahmen dienen der Dokumentation und Bewerbung des Events. Mit deiner Teilnahme erkl\u00e4rst du dich damit einverstanden. Wenn du nicht m\u00f6chtest, dass Fotos von dir ver\u00f6ffentlicht werden, gib uns bitte direkt bei deiner Ankunft oder zu Beginn der Veranstaltung Bescheid.<\/p><p>Die Teilnahme ist kostenlos. Du kannst das Projekt freiwillig an unserer Spendenbox unterst\u00fctzen.<\/p>\t\t\t\t\t\t\t\t<\/div>\n\t\t\t\t<\/div>\n\t\t\t\t\t<\/div>\n\t\t\t\t<\/div>\n\t\t\t\t<div class=\"elementor-element elementor-element-9a8fa12 elementor-widget__width-inherit elementor-absolute elementor-widget elementor-widget-heading\" data-id=\"9a8fa12\" data-element_type=\"widget\" data-e-type=\"widget\" data-settings=\"{&quot;_position&quot;:&quot;absolute&quot;}\" data-widget_type=\"heading.default\">\n\t\t\t\t<div class=\"elementor-widget-container\">\n\t\t\t\t\t<h1 class=\"elementor-heading-title elementor-size-default\">FREEvolous QUEERimprovisations<\/h1>\t\t\t\t<\/div>\n\t\t\t\t<\/div>\n\t\t\t\t\t<\/div>\n\t\t<\/div>\n\t\t\t\t\t<\/div>\n\t\t<\/section>\n\t\t\t\t<\/div>\n\t\t","protected":false},"excerpt":{"rendered":"<p>FREEvolous QUEERimprovisations ist eine queere Praxis zum Schutz der psychischen und physischen Gesundheit. Eine monatliche Dosis schr\u00e4ger, improvisierter Tricks, basierend auf einem lockeren Spiel mit Kl\u00e4ngen, Texten, Bewegungsformen und den Konventionen der Performance. Wir laden Kunstschaffende aller Disziplinen ein: Musik, Tanz jeglicher Stile, Bewegungskunst, Schauspiel, Pantomime, Gesang, Literatur, Rap, Sound-Poetry, DJing, VJing, Beatboxing &#8230; und [&hellip;]<\/p>\n","protected":false},"author":1,"featured_media":0,"parent":0,"menu_order":0,"comment_status":"closed","ping_status":"closed","template":"","meta":{"om_disable_all_campaigns":false,"_monsterinsights_skip_tracking":false,"_monsterinsights_sitenote_active":false,"_monsterinsights_sitenote_note":"","_monsterinsights_sitenote_category":0,"ocean_post_layout":"full-screen","ocean_both_sidebars_style":"","ocean_both_sidebars_content_width":0,"ocean_both_sidebars_sidebars_width":0,"ocean_sidebar":"","ocean_second_sidebar":"","ocean_disable_margins":"enable","ocean_add_body_class":"","ocean_shortcode_before_top_bar":"","ocean_shortcode_after_top_bar":"","ocean_shortcode_before_header":"","ocean_shortcode_after_header":"","ocean_has_shortcode":"","ocean_shortcode_after_title":"","ocean_shortcode_before_footer_widgets":"","ocean_shortcode_after_footer_widgets":"","ocean_shortcode_before_footer_bottom":"","ocean_shortcode_after_footer_bottom":"","ocean_display_top_bar":"off","ocean_display_header":"off","ocean_header_style":"","ocean_center_header_left_menu":"","ocean_custom_header_template":"","ocean_custom_logo":0,"ocean_custom_retina_logo":0,"ocean_custom_logo_max_width":0,"ocean_custom_logo_tablet_max_width":0,"ocean_custom_logo_mobile_max_width":0,"ocean_custom_logo_max_height":0,"ocean_custom_logo_tablet_max_height":0,"ocean_custom_logo_mobile_max_height":0,"ocean_header_custom_menu":"","ocean_menu_typo_font_family":"","ocean_menu_typo_font_subset":"","ocean_menu_typo_font_size":0,"ocean_menu_typo_font_size_tablet":0,"ocean_menu_typo_font_size_mobile":0,"ocean_menu_typo_font_size_unit":"px","ocean_menu_typo_font_weight":"","ocean_menu_typo_font_weight_tablet":"","ocean_menu_typo_font_weight_mobile":"","ocean_menu_typo_transform":"","ocean_menu_typo_transform_tablet":"","ocean_menu_typo_transform_mobile":"","ocean_menu_typo_line_height":0,"ocean_menu_typo_line_height_tablet":0,"ocean_menu_typo_line_height_mobile":0,"ocean_menu_typo_line_height_unit":"","ocean_menu_typo_spacing":0,"ocean_menu_typo_spacing_tablet":0,"ocean_menu_typo_spacing_mobile":0,"ocean_menu_typo_spacing_unit":"","ocean_menu_link_color":"","ocean_menu_link_color_hover":"","ocean_menu_link_color_active":"","ocean_menu_link_background":"","ocean_menu_link_hover_background":"","ocean_menu_link_active_background":"","ocean_menu_social_links_bg":"","ocean_menu_social_hover_links_bg":"","ocean_menu_social_links_color":"","ocean_menu_social_hover_links_color":"","ocean_disable_title":"on","ocean_disable_heading":"default","ocean_post_title":"","ocean_post_subheading":"","ocean_post_title_style":"","ocean_post_title_background_color":"","ocean_post_title_background":0,"ocean_post_title_bg_image_position":"","ocean_post_title_bg_image_attachment":"","ocean_post_title_bg_image_repeat":"","ocean_post_title_bg_image_size":"","ocean_post_title_height":0,"ocean_post_title_bg_overlay":0.5,"ocean_post_title_bg_overlay_color":"","ocean_disable_breadcrumbs":"default","ocean_breadcrumbs_color":"","ocean_breadcrumbs_separator_color":"","ocean_breadcrumbs_links_color":"","ocean_breadcrumbs_links_hover_color":"","ocean_display_footer_widgets":"off","ocean_display_footer_bottom":"off","ocean_custom_footer_template":"","footnotes":""},"class_list":["post-114","page","type-page","status-publish","hentry","entry"],"aioseo_notices":[],"_links":{"self":[{"href":"https:\/\/pink-dolphin.art\/index.php\/wp-json\/wp\/v2\/pages\/114","targetHints":{"allow":["GET"]}}],"collection":[{"href":"https:\/\/pink-dolphin.art\/index.php\/wp-json\/wp\/v2\/pages"}],"about":[{"href":"https:\/\/pink-dolphin.art\/index.php\/wp-json\/wp\/v2\/types\/page"}],"author":[{"embeddable":true,"href":"https:\/\/pink-dolphin.art\/index.php\/wp-json\/wp\/v2\/users\/1"}],"replies":[{"embeddable":true,"href":"https:\/\/pink-dolphin.art\/index.php\/wp-json\/wp\/v2\/comments?post=114"}],"version-history":[{"count":14,"href":"https:\/\/pink-dolphin.art\/index.php\/wp-json\/wp\/v2\/pages\/114\/revisions"}],"predecessor-version":[{"id":140,"href":"https:\/\/pink-dolphin.art\/index.php\/wp-json\/wp\/v2\/pages\/114\/revisions\/140"}],"wp:attachment":[{"href":"https:\/\/pink-dolphin.art\/index.php\/wp-json\/wp\/v2\/media?parent=114"}],"curies":[{"name":"wp","href":"https:\/\/api.w.org\/{rel}","templated":true}]}}